{"id":2087,"date":"2025-02-26T14:15:30","date_gmt":"2025-02-26T13:15:30","guid":{"rendered":"https:\/\/seradepula.com\/?page_id=2087"},"modified":"2025-02-26T14:17:00","modified_gmt":"2025-02-26T13:17:00","slug":"esencia-mallorquina","status":"publish","type":"page","link":"https:\/\/seradepula.com\/en\/esencia-mallorquina\/","title":{"rendered":"Esencia Mallorquina"},"content":{"rendered":"<div data-elementor-type=\"wp-page\" data-elementor-id=\"2087\" class=\"elementor elementor-2087\" data-elementor-post-type=\"page\">\n\t\t\t\t<div class=\"elementor-element elementor-element-82f955b e-flex e-con-boxed e-con e-parent\" data-id=\"82f955b\" data-element_type=\"container\" data-e-type=\"container\" data-settings=\"{&quot;background_background&quot;:&quot;classic&quot;}\">\n\t\t\t\t\t<div class=\"e-con-inner\">\n\t\t<div class=\"elementor-element elementor-element-1893469 e-con-full e-flex e-con e-child\" data-id=\"1893469\" data-element_type=\"container\" data-e-type=\"container\">\n\t\t\t\t<div class=\"elementor-element elementor-element-9efae98 elementor-widget elementor-widget-image\" data-id=\"9efae98\" data-element_type=\"widget\" data-e-type=\"widget\" data-widget_type=\"image.default\">\n\t\t\t\t<div class=\"elementor-widget-container\">\n\t\t\t\t\t\t\t\t\t\t\t\t\t\t\t<img fetchpriority=\"high\" decoding=\"async\" width=\"1024\" height=\"682\" src=\"https:\/\/seradepula.com\/wp-content\/uploads\/2025\/02\/esencia-1024x682.jpeg\" class=\"attachment-large size-large wp-image-2079\" alt=\"\" srcset=\"https:\/\/seradepula.com\/wp-content\/uploads\/2025\/02\/esencia-1024x682.jpeg 1024w, https:\/\/seradepula.com\/wp-content\/uploads\/2025\/02\/esencia-600x400.jpeg 600w, https:\/\/seradepula.com\/wp-content\/uploads\/2025\/02\/esencia-300x200.jpeg 300w, https:\/\/seradepula.com\/wp-content\/uploads\/2025\/02\/esencia-768x512.jpeg 768w, https:\/\/seradepula.com\/wp-content\/uploads\/2025\/02\/esencia-1536x1023.jpeg 1536w, https:\/\/seradepula.com\/wp-content\/uploads\/2025\/02\/esencia-18x12.jpeg 18w, https:\/\/seradepula.com\/wp-content\/uploads\/2025\/02\/esencia.jpeg 1600w\" sizes=\"(max-width: 1024px) 100vw, 1024px\" \/>\t\t\t\t\t\t\t\t\t\t\t\t\t\t\t<\/div>\n\t\t\t\t<\/div>\n\t\t\t\t<\/div>\n\t\t<div class=\"elementor-element elementor-element-ad09669 e-con-full e-flex e-con e-child\" data-id=\"ad09669\" data-element_type=\"container\" data-e-type=\"container\">\n\t\t\t\t<div class=\"elementor-element elementor-element-b436e85 elementor-widget elementor-widget-heading\" data-id=\"b436e85\" data-element_type=\"widget\" data-e-type=\"widget\" data-widget_type=\"heading.default\">\n\t\t\t\t<div class=\"elementor-widget-container\">\n\t\t\t\t\t<h2 class=\"elementor-heading-title elementor-size-default\">Esencia Mallorquina<\/h2>\t\t\t\t<\/div>\n\t\t\t\t<\/div>\n\t\t\t\t<div class=\"elementor-element elementor-element-da89c1b elementor-widget elementor-widget-text-editor\" data-id=\"da89c1b\" data-element_type=\"widget\" data-e-type=\"widget\" data-widget_type=\"text-editor.default\">\n\t\t\t\t<div class=\"elementor-widget-container\">\n\t\t\t\t\t\t\t\t\t<p data-pm-slice=\"1 1 []\">Un exquisito men\u00fa de 4 tiempos que celebra la rica tradici\u00f3n culinaria de Mallorca. Cada plato es cuidadosamente elaborado con ingredientes frescos y de temporada, muchos de ellos provenientes de nuestro propio huerto de 11.000 m\u00b2, garantizando una experiencia gastron\u00f3mica aut\u00e9ntica y sostenible.<\/p>\t\t\t\t\t\t\t\t<\/div>\n\t\t\t\t<\/div>\n\t\t\t\t<div class=\"elementor-element elementor-element-09a1a30 elementor-widget elementor-widget-text-editor\" data-id=\"09a1a30\" data-element_type=\"widget\" data-e-type=\"widget\" data-widget_type=\"text-editor.default\">\n\t\t\t\t<div class=\"elementor-widget-container\">\n\t\t\t\t\t\t\t\t\t<p data-pm-slice=\"1 1 []\"><strong>Precio<\/strong>: 59\u20ac por persona (bebidas no incluidas)<\/p>\t\t\t\t\t\t\t\t<\/div>\n\t\t\t\t<\/div>\n\t\t\t\t<div class=\"elementor-element elementor-element-7d06bed elementor-widget elementor-widget-wc-add-to-cart\" data-id=\"7d06bed\" data-element_type=\"widget\" data-e-type=\"widget\" data-widget_type=\"wc-add-to-cart.default\">\n\t\t\t\t<div class=\"elementor-widget-container\">\n\t\t\t\t\t\t\t\t\t<div class=\"elementor-button-wrapper\">\n\t\t\t\t\t<a rel=\"nofollow\" href=\"\/en\/esencia-mallorquina\/?add-to-cart=1973\" data-quantity=\"1\" data-product_id=\"1973\" class=\"product_type_simple add_to_cart_button ajax_add_to_cart elementor-button elementor-size-sm\" role=\"button\">\n\t\t\t\t\t\t<span class=\"elementor-button-content-wrapper\">\n\t\t\t\t\t\t<span class=\"elementor-button-icon\">\n\t\t\t\t<i aria-hidden=\"true\" class=\"fas fa-shopping-cart\"><\/i>\t\t\t<\/span>\n\t\t\t\t\t\t\t\t\t<span class=\"elementor-button-text\">A\u00f1adir al carrito<\/span>\n\t\t\t\t\t<\/span>\n\t\t\t\t\t<\/a>\n\t\t\t\t<\/div>\n\t\t\t\t\t\t\t\t<\/div>\n\t\t\t\t<\/div>\n\t\t\t\t<\/div>\n\t\t\t\t\t<\/div>\n\t\t\t\t<\/div>\n\t\t<div class=\"elementor-element elementor-element-0af4c0a e-flex e-con-boxed e-con e-parent\" data-id=\"0af4c0a\" data-element_type=\"container\" data-e-type=\"container\" data-settings=\"{&quot;background_background&quot;:&quot;classic&quot;}\">\n\t\t\t\t\t<div class=\"e-con-inner\">\n\t\t\t\t<div class=\"elementor-element elementor-element-2d94b23 elementor-widget elementor-widget-heading\" data-id=\"2d94b23\" data-element_type=\"widget\" data-e-type=\"widget\" data-widget_type=\"heading.default\">\n\t\t\t\t<div class=\"elementor-widget-container\">\n\t\t\t\t\t<h4 class=\"elementor-heading-title elementor-size-default\">Condiciones<\/h4>\t\t\t\t<\/div>\n\t\t\t\t<\/div>\n\t\t\t\t<div class=\"elementor-element elementor-element-96b2150 elementor-widget elementor-widget-text-editor\" data-id=\"96b2150\" data-element_type=\"widget\" data-e-type=\"widget\" data-widget_type=\"text-editor.default\">\n\t\t\t\t<div class=\"elementor-widget-container\">\n\t\t\t\t\t\t\t\t\t<p data-pm-slice=\"1 1 []\">Disponible \u00fanicamente bajo reserva previa. <br \/>El men\u00fa se adapta seg\u00fan la producci\u00f3n y la temporada, ofreciendo siempre lo mejor de nuestra tierra en cada visita.<\/p>\t\t\t\t\t\t\t\t<\/div>\n\t\t\t\t<\/div>\n\t\t\t\t\t<\/div>\n\t\t\t\t<\/div>\n\t\t\t\t<\/div>","protected":false},"excerpt":{"rendered":"<p>Esencia Mallorquina Un exquisito men\u00fa de 4 tiempos que celebra la rica tradici\u00f3n culinaria de Mallorca. Cada plato es cuidadosamente elaborado con ingredientes frescos y de temporada, muchos de ellos provenientes de nuestro propio huerto de 11.000 m\u00b2, garantizando una experiencia gastron\u00f3mica aut\u00e9ntica y sostenible. Precio: 59\u20ac por persona (bebidas no incluidas) A\u00f1adir al carrito [&hellip;]<\/p>\n","protected":false},"author":2,"featured_media":0,"parent":0,"menu_order":0,"comment_status":"closed","ping_status":"closed","template":"","meta":{"site-sidebar-layout":"no-sidebar","site-content-layout":"page-builder","ast-site-content-layout":"full-width-container","site-content-style":"default","site-sidebar-style":"default","ast-global-header-display":"","ast-banner-title-visibility":"","ast-main-header-display":"","ast-hfb-above-header-display":"","ast-hfb-below-header-display":"","ast-hfb-mobile-header-display":"","site-post-title":"disabled","ast-breadcrumbs-content":"","ast-featured-img":"disabled","footer-sml-layout":"","ast-disable-related-posts":"","theme-transparent-header-meta":"","adv-header-id-meta":"","stick-header-meta":"","header-above-stick-meta":"","header-main-stick-meta":"","header-below-stick-meta":"","astra-migrate-meta-layouts":"set","ast-page-background-enabled":"default","ast-page-background-meta":{"desktop":{"background-color":"","background-image":"","background-repeat":"repeat","background-position":"center center","background-size":"auto","background-attachment":"scroll","background-type":"","background-media":"","overlay-type":"","overlay-color":"","overlay-opacity":"","overlay-gradient":""},"tablet":{"background-color":"","background-image":"","background-repeat":"repeat","background-position":"center center","background-size":"auto","background-attachment":"scroll","background-type":"","background-media":"","overlay-type":"","overlay-color":"","overlay-opacity":"","overlay-gradient":""},"mobile":{"background-color":"","background-image":"","background-repeat":"repeat","background-position":"center center","background-size":"auto","background-attachment":"scroll","background-type":"","background-media":"","overlay-type":"","overlay-color":"","overlay-opacity":"","overlay-gradient":""}},"ast-content-background-meta":{"desktop":{"background-color":"var(--ast-global-color-5)","background-image":"","background-repeat":"repeat","background-position":"center center","background-size":"auto","background-attachment":"scroll","background-type":"","background-media":"","overlay-type":"","overlay-color":"","overlay-opacity":"","overlay-gradient":""},"tablet":{"background-color":"var(--ast-global-color-5)","background-image":"","background-repeat":"repeat","background-position":"center center","background-size":"auto","background-attachment":"scroll","background-type":"","background-media":"","overlay-type":"","overlay-color":"","overlay-opacity":"","overlay-gradient":""},"mobile":{"background-color":"var(--ast-global-color-5)","background-image":"","background-repeat":"repeat","background-position":"center center","background-size":"auto","background-attachment":"scroll","background-type":"","background-media":"","overlay-type":"","overlay-color":"","overlay-opacity":"","overlay-gradient":""}},"footnotes":""},"class_list":["post-2087","page","type-page","status-publish","hentry"],"yoast_head":"<!-- This site is optimized with the Yoast SEO plugin v27.4 - https:\/\/yoast.com\/product\/yoast-seo-wordpress\/ -->\n<title>Esencia Mallorquina - S&#039;era de Pula<\/title>\n<meta name=\"robots\" content=\"index, follow, max-snippet:-1, max-image-preview:large, max-video-preview:-1\" \/>\n<link rel=\"canonical\" href=\"https:\/\/seradepula.com\/en\/esencia-mallorquina\/\" \/>\n<meta property=\"og:locale\" content=\"en_GB\" \/>\n<meta property=\"og:type\" content=\"article\" \/>\n<meta property=\"og:title\" content=\"Esencia Mallorquina - S&#039;era de Pula\" \/>\n<meta property=\"og:description\" content=\"Esencia Mallorquina Un exquisito men\u00fa de 4 tiempos que celebra la rica tradici\u00f3n culinaria de Mallorca. Cada plato es cuidadosamente elaborado con ingredientes frescos y de temporada, muchos de ellos provenientes de nuestro propio huerto de 11.000 m\u00b2, garantizando una experiencia gastron\u00f3mica aut\u00e9ntica y sostenible. Precio: 59\u20ac por persona (bebidas no incluidas) A\u00f1adir al carrito [&hellip;]\" \/>\n<meta property=\"og:url\" content=\"https:\/\/seradepula.com\/en\/esencia-mallorquina\/\" \/>\n<meta property=\"og:site_name\" content=\"S&#039;era de Pula\" \/>\n<meta property=\"article:modified_time\" content=\"2025-02-26T13:17:00+00:00\" \/>\n<meta property=\"og:image\" content=\"https:\/\/seradepula.com\/wp-content\/uploads\/2025\/02\/esencia.jpeg\" \/>\n\t<meta property=\"og:image:width\" content=\"1600\" \/>\n\t<meta property=\"og:image:height\" content=\"1066\" \/>\n\t<meta property=\"og:image:type\" content=\"image\/jpeg\" \/>\n<meta name=\"twitter:card\" content=\"summary_large_image\" \/>\n<meta name=\"twitter:label1\" content=\"Estimated reading time\" \/>\n\t<meta name=\"twitter:data1\" content=\"1 minute\" \/>\n<script type=\"application\/ld+json\" class=\"yoast-schema-graph\">{\"@context\":\"https:\\\/\\\/schema.org\",\"@graph\":[{\"@type\":\"WebPage\",\"@id\":\"https:\\\/\\\/seradepula.com\\\/esencia-mallorquina\\\/\",\"url\":\"https:\\\/\\\/seradepula.com\\\/esencia-mallorquina\\\/\",\"name\":\"Esencia Mallorquina - S&#039;era de Pula\",\"isPartOf\":{\"@id\":\"https:\\\/\\\/seradepula.com\\\/#website\"},\"primaryImageOfPage\":{\"@id\":\"https:\\\/\\\/seradepula.com\\\/esencia-mallorquina\\\/#primaryimage\"},\"image\":{\"@id\":\"https:\\\/\\\/seradepula.com\\\/esencia-mallorquina\\\/#primaryimage\"},\"thumbnailUrl\":\"https:\\\/\\\/seradepula.com\\\/wp-content\\\/uploads\\\/2025\\\/02\\\/esencia-1024x682.jpeg\",\"datePublished\":\"2025-02-26T13:15:30+00:00\",\"dateModified\":\"2025-02-26T13:17:00+00:00\",\"breadcrumb\":{\"@id\":\"https:\\\/\\\/seradepula.com\\\/esencia-mallorquina\\\/#breadcrumb\"},\"inLanguage\":\"en-GB\",\"potentialAction\":[{\"@type\":\"ReadAction\",\"target\":[\"https:\\\/\\\/seradepula.com\\\/esencia-mallorquina\\\/\"]}]},{\"@type\":\"ImageObject\",\"inLanguage\":\"en-GB\",\"@id\":\"https:\\\/\\\/seradepula.com\\\/esencia-mallorquina\\\/#primaryimage\",\"url\":\"https:\\\/\\\/seradepula.com\\\/wp-content\\\/uploads\\\/2025\\\/02\\\/esencia-1024x682.jpeg\",\"contentUrl\":\"https:\\\/\\\/seradepula.com\\\/wp-content\\\/uploads\\\/2025\\\/02\\\/esencia-1024x682.jpeg\"},{\"@type\":\"BreadcrumbList\",\"@id\":\"https:\\\/\\\/seradepula.com\\\/esencia-mallorquina\\\/#breadcrumb\",\"itemListElement\":[{\"@type\":\"ListItem\",\"position\":1,\"name\":\"Portada\",\"item\":\"https:\\\/\\\/seradepula.com\\\/\"},{\"@type\":\"ListItem\",\"position\":2,\"name\":\"Esencia Mallorquina\"}]},{\"@type\":\"WebSite\",\"@id\":\"https:\\\/\\\/seradepula.com\\\/#website\",\"url\":\"https:\\\/\\\/seradepula.com\\\/\",\"name\":\"S&#039;era de Pula\",\"description\":\"\",\"publisher\":{\"@id\":\"https:\\\/\\\/seradepula.com\\\/#organization\"},\"potentialAction\":[{\"@type\":\"SearchAction\",\"target\":{\"@type\":\"EntryPoint\",\"urlTemplate\":\"https:\\\/\\\/seradepula.com\\\/?s={search_term_string}\"},\"query-input\":{\"@type\":\"PropertyValueSpecification\",\"valueRequired\":true,\"valueName\":\"search_term_string\"}}],\"inLanguage\":\"en-GB\"},{\"@type\":\"Organization\",\"@id\":\"https:\\\/\\\/seradepula.com\\\/#organization\",\"name\":\"S&#039;era de Pula\",\"url\":\"https:\\\/\\\/seradepula.com\\\/\",\"logo\":{\"@type\":\"ImageObject\",\"inLanguage\":\"en-GB\",\"@id\":\"https:\\\/\\\/seradepula.com\\\/#\\\/schema\\\/logo\\\/image\\\/\",\"url\":\"https:\\\/\\\/seradepula.com\\\/wp-content\\\/uploads\\\/2023\\\/01\\\/logo-light.svg\",\"contentUrl\":\"https:\\\/\\\/seradepula.com\\\/wp-content\\\/uploads\\\/2023\\\/01\\\/logo-light.svg\",\"width\":196,\"height\":209,\"caption\":\"S&#039;era de Pula\"},\"image\":{\"@id\":\"https:\\\/\\\/seradepula.com\\\/#\\\/schema\\\/logo\\\/image\\\/\"}}]}<\/script>\n<!-- \/ Yoast SEO plugin. -->","yoast_head_json":{"title":"Esencia Mallorquina - S&#039;era de Pula","robots":{"index":"index","follow":"follow","max-snippet":"max-snippet:-1","max-image-preview":"max-image-preview:large","max-video-preview":"max-video-preview:-1"},"canonical":"https:\/\/seradepula.com\/en\/esencia-mallorquina\/","og_locale":"en_GB","og_type":"article","og_title":"Esencia Mallorquina - S&#039;era de Pula","og_description":"Esencia Mallorquina Un exquisito men\u00fa de 4 tiempos que celebra la rica tradici\u00f3n culinaria de Mallorca. Cada plato es cuidadosamente elaborado con ingredientes frescos y de temporada, muchos de ellos provenientes de nuestro propio huerto de 11.000 m\u00b2, garantizando una experiencia gastron\u00f3mica aut\u00e9ntica y sostenible. Precio: 59\u20ac por persona (bebidas no incluidas) A\u00f1adir al carrito [&hellip;]","og_url":"https:\/\/seradepula.com\/en\/esencia-mallorquina\/","og_site_name":"S&#039;era de Pula","article_modified_time":"2025-02-26T13:17:00+00:00","og_image":[{"width":1600,"height":1066,"url":"https:\/\/seradepula.com\/wp-content\/uploads\/2025\/02\/esencia.jpeg","type":"image\/jpeg"}],"twitter_card":"summary_large_image","twitter_misc":{"Estimated reading time":"1 minute"},"schema":{"@context":"https:\/\/schema.org","@graph":[{"@type":"WebPage","@id":"https:\/\/seradepula.com\/esencia-mallorquina\/","url":"https:\/\/seradepula.com\/esencia-mallorquina\/","name":"Esencia Mallorquina - S&#039;era de Pula","isPartOf":{"@id":"https:\/\/seradepula.com\/#website"},"primaryImageOfPage":{"@id":"https:\/\/seradepula.com\/esencia-mallorquina\/#primaryimage"},"image":{"@id":"https:\/\/seradepula.com\/esencia-mallorquina\/#primaryimage"},"thumbnailUrl":"https:\/\/seradepula.com\/wp-content\/uploads\/2025\/02\/esencia-1024x682.jpeg","datePublished":"2025-02-26T13:15:30+00:00","dateModified":"2025-02-26T13:17:00+00:00","breadcrumb":{"@id":"https:\/\/seradepula.com\/esencia-mallorquina\/#breadcrumb"},"inLanguage":"en-GB","potentialAction":[{"@type":"ReadAction","target":["https:\/\/seradepula.com\/esencia-mallorquina\/"]}]},{"@type":"ImageObject","inLanguage":"en-GB","@id":"https:\/\/seradepula.com\/esencia-mallorquina\/#primaryimage","url":"https:\/\/seradepula.com\/wp-content\/uploads\/2025\/02\/esencia-1024x682.jpeg","contentUrl":"https:\/\/seradepula.com\/wp-content\/uploads\/2025\/02\/esencia-1024x682.jpeg"},{"@type":"BreadcrumbList","@id":"https:\/\/seradepula.com\/esencia-mallorquina\/#breadcrumb","itemListElement":[{"@type":"ListItem","position":1,"name":"Portada","item":"https:\/\/seradepula.com\/"},{"@type":"ListItem","position":2,"name":"Esencia Mallorquina"}]},{"@type":"WebSite","@id":"https:\/\/seradepula.com\/#website","url":"https:\/\/seradepula.com\/","name":"S&#039;era de Pula","description":"","publisher":{"@id":"https:\/\/seradepula.com\/#organization"},"potentialAction":[{"@type":"SearchAction","target":{"@type":"EntryPoint","urlTemplate":"https:\/\/seradepula.com\/?s={search_term_string}"},"query-input":{"@type":"PropertyValueSpecification","valueRequired":true,"valueName":"search_term_string"}}],"inLanguage":"en-GB"},{"@type":"Organization","@id":"https:\/\/seradepula.com\/#organization","name":"S&#039;era de Pula","url":"https:\/\/seradepula.com\/","logo":{"@type":"ImageObject","inLanguage":"en-GB","@id":"https:\/\/seradepula.com\/#\/schema\/logo\/image\/","url":"https:\/\/seradepula.com\/wp-content\/uploads\/2023\/01\/logo-light.svg","contentUrl":"https:\/\/seradepula.com\/wp-content\/uploads\/2023\/01\/logo-light.svg","width":196,"height":209,"caption":"S&#039;era de Pula"},"image":{"@id":"https:\/\/seradepula.com\/#\/schema\/logo\/image\/"}}]}},"_links":{"self":[{"href":"https:\/\/seradepula.com\/en\/wp-json\/wp\/v2\/pages\/2087","targetHints":{"allow":["GET"]}}],"collection":[{"href":"https:\/\/seradepula.com\/en\/wp-json\/wp\/v2\/pages"}],"about":[{"href":"https:\/\/seradepula.com\/en\/wp-json\/wp\/v2\/types\/page"}],"author":[{"embeddable":true,"href":"https:\/\/seradepula.com\/en\/wp-json\/wp\/v2\/users\/2"}],"replies":[{"embeddable":true,"href":"https:\/\/seradepula.com\/en\/wp-json\/wp\/v2\/comments?post=2087"}],"version-history":[{"count":0,"href":"https:\/\/seradepula.com\/en\/wp-json\/wp\/v2\/pages\/2087\/revisions"}],"wp:attachment":[{"href":"https:\/\/seradepula.com\/en\/wp-json\/wp\/v2\/media?parent=2087"}],"curies":[{"name":"wp","href":"https:\/\/api.w.org\/{rel}","templated":true}]}}