{"id":2023,"date":"2025-02-26T11:35:22","date_gmt":"2025-02-26T10:35:22","guid":{"rendered":"https:\/\/seradepula.com\/?page_id=2023"},"modified":"2025-04-16T09:34:24","modified_gmt":"2025-04-16T08:34:24","slug":"regala","status":"publish","type":"page","link":"https:\/\/seradepula.com\/en\/regala\/","title":{"rendered":"Regala"},"content":{"rendered":"<div data-elementor-type=\"wp-page\" data-elementor-id=\"2023\" class=\"elementor elementor-2023\" data-elementor-post-type=\"page\">\n\t\t\t\t\t\t<section class=\"elementor-section elementor-top-section elementor-element elementor-element-2fb2645 elementor-section-items-stretch elementor-section-height-min-height elementor-section-content-middle elementor-section-boxed elementor-section-height-default\" data-id=\"2fb2645\" data-element_type=\"section\" data-e-type=\"section\" data-settings=\"{&quot;background_background&quot;:&quot;classic&quot;}\">\n\t\t\t\t\t\t\t<div class=\"elementor-background-overlay\"><\/div>\n\t\t\t\t\t\t\t<div class=\"elementor-container elementor-column-gap-no\">\n\t\t\t\t\t<div class=\"elementor-column elementor-col-100 elementor-top-column elementor-element elementor-element-46e5819\" data-id=\"46e5819\" data-element_type=\"column\" data-e-type=\"column\">\n\t\t\t<div class=\"elementor-widget-wrap elementor-element-populated\">\n\t\t\t\t\t\t<div class=\"elementor-element elementor-element-b8caf9a elementor-widget elementor-widget-heading\" data-id=\"b8caf9a\" data-element_type=\"widget\" data-e-type=\"widget\" data-widget_type=\"heading.default\">\n\t\t\t\t<div class=\"elementor-widget-container\">\n\t\t\t\t\t<h6 class=\"elementor-heading-title elementor-size-default\">regala<\/h6>\t\t\t\t<\/div>\n\t\t\t\t<\/div>\n\t\t\t\t<div class=\"elementor-element elementor-element-a11e90b elementor-widget elementor-widget-heading\" data-id=\"a11e90b\" data-element_type=\"widget\" data-e-type=\"widget\" data-widget_type=\"heading.default\">\n\t\t\t\t<div class=\"elementor-widget-container\">\n\t\t\t\t\t<h1 class=\"elementor-heading-title elementor-size-default\">Bienvenidos al hogar del sabor de Mallorca<\/h1>\t\t\t\t<\/div>\n\t\t\t\t<\/div>\n\t\t\t\t<div class=\"elementor-element elementor-element-add67f6 elementor-widget elementor-widget-text-editor\" data-id=\"add67f6\" data-element_type=\"widget\" data-e-type=\"widget\" data-widget_type=\"text-editor.default\">\n\t\t\t\t<div class=\"elementor-widget-container\">\n\t\t\t\t\t\t\t\t\t<p data-pm-slice=\"1 1 []\">Descubre un lugar donde la pasi\u00f3n por la cocina mediterr\u00e1nea se traduce en experiencias inolvidables. En S&#8217;Era de Pula, cada detalle est\u00e1 pensado para sorprenderte y conectar con lo m\u00e1s aut\u00e9ntico de nuestra tradici\u00f3n. Ven a disfrutar de momentos \u00fanicos que inspiran, emocionan y se comparten. D\u00e9jate envolver por el sabor y la esencia de nuestra tierra.<\/p>\t\t\t\t\t\t\t\t<\/div>\n\t\t\t\t<\/div>\n\t\t\t\t<section class=\"elementor-section elementor-inner-section elementor-element elementor-element-9b040d2 elementor-section-boxed elementor-section-height-default elementor-section-height-default\" data-id=\"9b040d2\" data-element_type=\"section\" data-e-type=\"section\">\n\t\t\t\t\t\t<div class=\"elementor-container elementor-column-gap-default\">\n\t\t\t\t\t<div class=\"elementor-column elementor-col-100 elementor-inner-column elementor-element elementor-element-6dfb54b\" data-id=\"6dfb54b\" data-element_type=\"column\" data-e-type=\"column\">\n\t\t\t<div class=\"elementor-widget-wrap elementor-element-populated\">\n\t\t\t\t\t\t<div class=\"elementor-element elementor-element-e3e9ee2 elementor-align-center elementor-widget-mobile__width-inherit elementor-widget elementor-widget-button\" data-id=\"e3e9ee2\" data-element_type=\"widget\" data-e-type=\"widget\" data-widget_type=\"button.default\">\n\t\t\t\t<div class=\"elementor-widget-container\">\n\t\t\t\t\t\t\t\t\t<div class=\"elementor-button-wrapper\">\n\t\t\t\t\t<a class=\"elementor-button elementor-button-link elementor-size-sm\" href=\"#regala\">\n\t\t\t\t\t\t<span class=\"elementor-button-content-wrapper\">\n\t\t\t\t\t\t\t\t\t<span class=\"elementor-button-text\">\u00a1Atr\u00e9vete a vivir y regalar una experiencia que marcar\u00e1 la diferencia!<\/span>\n\t\t\t\t\t<\/span>\n\t\t\t\t\t<\/a>\n\t\t\t\t<\/div>\n\t\t\t\t\t\t\t\t<\/div>\n\t\t\t\t<\/div>\n\t\t\t\t\t<\/div>\n\t\t<\/div>\n\t\t\t\t\t<\/div>\n\t\t<\/section>\n\t\t\t\t<div class=\"elementor-element elementor-element-ac99df4 elementor-widget-divider--view-line elementor-widget elementor-widget-divider\" data-id=\"ac99df4\" data-element_type=\"widget\" data-e-type=\"widget\" data-widget_type=\"divider.default\">\n\t\t\t\t<div class=\"elementor-widget-container\">\n\t\t\t\t\t\t\t<div class=\"elementor-divider\">\n\t\t\t<span class=\"elementor-divider-separator\">\n\t\t\t\t\t\t<\/span>\n\t\t<\/div>\n\t\t\t\t\t\t<\/div>\n\t\t\t\t<\/div>\n\t\t\t\t\t<\/div>\n\t\t<\/div>\n\t\t\t\t\t<\/div>\n\t\t<\/section>\n\t\t\t\t<section class=\"elementor-section elementor-top-section elementor-element elementor-element-88f3fd6 elementor-section-full_width elementor-section-content-middle fila-regala elementor-section-height-default elementor-section-height-default\" data-id=\"88f3fd6\" data-element_type=\"section\" data-e-type=\"section\" id=\"regala\" data-settings=\"{&quot;background_background&quot;:&quot;classic&quot;}\">\n\t\t\t\t\t\t<div class=\"elementor-container elementor-column-gap-no\">\n\t\t\t\t\t<div class=\"elementor-column elementor-col-50 elementor-top-column elementor-element elementor-element-ccdef17\" data-id=\"ccdef17\" data-element_type=\"column\" data-e-type=\"column\">\n\t\t\t<div class=\"elementor-widget-wrap elementor-element-populated\">\n\t\t\t\t\t\t<section class=\"elementor-section elementor-inner-section elementor-element elementor-element-5404902 elementor-section-boxed elementor-section-height-default elementor-section-height-default\" data-id=\"5404902\" data-element_type=\"section\" data-e-type=\"section\">\n\t\t\t\t\t\t<div class=\"elementor-container elementor-column-gap-no\">\n\t\t\t\t\t<div class=\"elementor-column elementor-col-100 elementor-inner-column elementor-element elementor-element-f2f9ead\" data-id=\"f2f9ead\" data-element_type=\"column\" data-e-type=\"column\">\n\t\t\t<div class=\"elementor-widget-wrap elementor-element-populated\">\n\t\t\t\t\t\t<div class=\"elementor-element elementor-element-be4bb55 elementor-widget elementor-widget-heading\" data-id=\"be4bb55\" data-element_type=\"widget\" data-e-type=\"widget\" data-widget_type=\"heading.default\">\n\t\t\t\t<div class=\"elementor-widget-container\">\n\t\t\t\t\t<h2 class=\"elementor-heading-title elementor-size-default\">Esencia Mallorquina<\/h2>\t\t\t\t<\/div>\n\t\t\t\t<\/div>\n\t\t\t\t<div class=\"elementor-element elementor-element-eb6f4b6 elementor-widget elementor-widget-text-editor\" data-id=\"eb6f4b6\" data-element_type=\"widget\" data-e-type=\"widget\" data-widget_type=\"text-editor.default\">\n\t\t\t\t<div class=\"elementor-widget-container\">\n\t\t\t\t\t\t\t\t\t<p>Un viaje gastron\u00f3mico por Mallorca en cada bocado<\/p>\t\t\t\t\t\t\t\t<\/div>\n\t\t\t\t<\/div>\n\t\t\t\t<div class=\"elementor-element elementor-element-24f29ce elementor-align-left elementor-widget-mobile__width-inherit elementor-widget elementor-widget-button\" data-id=\"24f29ce\" data-element_type=\"widget\" data-e-type=\"widget\" data-widget_type=\"button.default\">\n\t\t\t\t<div class=\"elementor-widget-container\">\n\t\t\t\t\t\t\t\t\t<div class=\"elementor-button-wrapper\">\n\t\t\t\t\t<a class=\"elementor-button elementor-button-link elementor-size-sm\" href=\"https:\/\/seradepula.com\/en\/esencia-mallorquina\/\">\n\t\t\t\t\t\t<span class=\"elementor-button-content-wrapper\">\n\t\t\t\t\t\t\t\t\t<span class=\"elementor-button-text\">regalar<\/span>\n\t\t\t\t\t<\/span>\n\t\t\t\t\t<\/a>\n\t\t\t\t<\/div>\n\t\t\t\t\t\t\t\t<\/div>\n\t\t\t\t<\/div>\n\t\t\t\t\t<\/div>\n\t\t<\/div>\n\t\t\t\t\t<\/div>\n\t\t<\/section>\n\t\t\t\t\t<\/div>\n\t\t<\/div>\n\t\t\t\t<div class=\"elementor-column elementor-col-50 elementor-top-column elementor-element elementor-element-00cda99\" data-id=\"00cda99\" data-element_type=\"column\" data-e-type=\"column\" data-settings=\"{&quot;background_background&quot;:&quot;classic&quot;}\">\n\t\t\t<div class=\"elementor-widget-wrap elementor-element-populated\">\n\t\t\t\t\t\t<div class=\"elementor-element elementor-element-8c3a5b5 elementor-hidden-tablet elementor-widget elementor-widget-image\" data-id=\"8c3a5b5\" data-element_type=\"widget\" data-e-type=\"widget\" data-widget_type=\"image.default\">\n\t\t\t\t<div class=\"elementor-widget-container\">\n\t\t\t\t\t\t\t\t\t\t\t\t\t\t\t<img fetchpriority=\"high\" decoding=\"async\" width=\"1600\" height=\"1066\" src=\"https:\/\/seradepula.com\/wp-content\/uploads\/2025\/02\/esencia.jpeg\" class=\"attachment-full size-full wp-image-2079\" alt=\"\" srcset=\"https:\/\/seradepula.com\/wp-content\/uploads\/2025\/02\/esencia.jpeg 1600w, https:\/\/seradepula.com\/wp-content\/uploads\/2025\/02\/esencia-600x400.jpeg 600w, https:\/\/seradepula.com\/wp-content\/uploads\/2025\/02\/esencia-300x200.jpeg 300w, https:\/\/seradepula.com\/wp-content\/uploads\/2025\/02\/esencia-1024x682.jpeg 1024w, https:\/\/seradepula.com\/wp-content\/uploads\/2025\/02\/esencia-768x512.jpeg 768w, https:\/\/seradepula.com\/wp-content\/uploads\/2025\/02\/esencia-1536x1023.jpeg 1536w, https:\/\/seradepula.com\/wp-content\/uploads\/2025\/02\/esencia-18x12.jpeg 18w\" sizes=\"(max-width: 1600px) 100vw, 1600px\" \/>\t\t\t\t\t\t\t\t\t\t\t\t\t\t\t<\/div>\n\t\t\t\t<\/div>\n\t\t\t\t\t<\/div>\n\t\t<\/div>\n\t\t\t\t\t<\/div>\n\t\t<\/section>\n\t\t\t\t<section class=\"elementor-section elementor-top-section elementor-element elementor-element-07f1158 elementor-section-full_width elementor-section-content-middle elementor-reverse-mobile fila-regala elementor-section-height-default elementor-section-height-default\" data-id=\"07f1158\" data-element_type=\"section\" data-e-type=\"section\" data-settings=\"{&quot;background_background&quot;:&quot;classic&quot;}\">\n\t\t\t\t\t\t<div class=\"elementor-container elementor-column-gap-no\">\n\t\t\t\t\t<div class=\"elementor-column elementor-col-50 elementor-top-column elementor-element elementor-element-b12c825\" data-id=\"b12c825\" data-element_type=\"column\" data-e-type=\"column\" data-settings=\"{&quot;background_background&quot;:&quot;classic&quot;}\">\n\t\t\t<div class=\"elementor-widget-wrap elementor-element-populated\">\n\t\t\t\t\t\t<div class=\"elementor-element elementor-element-91b4ce4 elementor-hidden-tablet elementor-widget elementor-widget-image\" data-id=\"91b4ce4\" data-element_type=\"widget\" data-e-type=\"widget\" data-widget_type=\"image.default\">\n\t\t\t\t<div class=\"elementor-widget-container\">\n\t\t\t\t\t\t\t\t\t\t\t\t\t\t\t<img decoding=\"async\" width=\"640\" height=\"958\" src=\"https:\/\/seradepula.com\/wp-content\/uploads\/2025\/04\/cata-vino.jpeg\" class=\"attachment-full size-full wp-image-2129\" alt=\"\" srcset=\"https:\/\/seradepula.com\/wp-content\/uploads\/2025\/04\/cata-vino.jpeg 640w, https:\/\/seradepula.com\/wp-content\/uploads\/2025\/04\/cata-vino-600x898.jpeg 600w, https:\/\/seradepula.com\/wp-content\/uploads\/2025\/04\/cata-vino-200x300.jpeg 200w, https:\/\/seradepula.com\/wp-content\/uploads\/2025\/04\/cata-vino-8x12.jpeg 8w\" sizes=\"(max-width: 640px) 100vw, 640px\" \/>\t\t\t\t\t\t\t\t\t\t\t\t\t\t\t<\/div>\n\t\t\t\t<\/div>\n\t\t\t\t\t<\/div>\n\t\t<\/div>\n\t\t\t\t<div class=\"elementor-column elementor-col-50 elementor-top-column elementor-element elementor-element-062f364\" data-id=\"062f364\" data-element_type=\"column\" data-e-type=\"column\">\n\t\t\t<div class=\"elementor-widget-wrap elementor-element-populated\">\n\t\t\t\t\t\t<section class=\"elementor-section elementor-inner-section elementor-element elementor-element-9ca80e1 elementor-section-boxed elementor-section-height-default elementor-section-height-default\" data-id=\"9ca80e1\" data-element_type=\"section\" data-e-type=\"section\">\n\t\t\t\t\t\t<div class=\"elementor-container elementor-column-gap-no\">\n\t\t\t\t\t<div class=\"elementor-column elementor-col-100 elementor-inner-column elementor-element elementor-element-e3686cf\" data-id=\"e3686cf\" data-element_type=\"column\" data-e-type=\"column\">\n\t\t\t<div class=\"elementor-widget-wrap elementor-element-populated\">\n\t\t\t\t\t\t<div class=\"elementor-element elementor-element-2715a89 elementor-widget elementor-widget-heading\" data-id=\"2715a89\" data-element_type=\"widget\" data-e-type=\"widget\" data-widget_type=\"heading.default\">\n\t\t\t\t<div class=\"elementor-widget-container\">\n\t\t\t\t\t<h2 class=\"elementor-heading-title elementor-size-default\">Wine Tasting<\/h2>\t\t\t\t<\/div>\n\t\t\t\t<\/div>\n\t\t\t\t<div class=\"elementor-element elementor-element-ef39408 elementor-widget elementor-widget-text-editor\" data-id=\"ef39408\" data-element_type=\"widget\" data-e-type=\"widget\" data-widget_type=\"text-editor.default\">\n\t\t\t\t<div class=\"elementor-widget-container\">\n\t\t\t\t\t\t\t\t\t<p data-pm-slice=\"1 1 []\">Una experiencia sensorial que une sabores aut\u00e9nticos en cada sorbo.<\/p>\t\t\t\t\t\t\t\t<\/div>\n\t\t\t\t<\/div>\n\t\t\t\t<div class=\"elementor-element elementor-element-49aba70 elementor-align-left elementor-widget-mobile__width-inherit elementor-widget elementor-widget-button\" data-id=\"49aba70\" data-element_type=\"widget\" data-e-type=\"widget\" data-widget_type=\"button.default\">\n\t\t\t\t<div class=\"elementor-widget-container\">\n\t\t\t\t\t\t\t\t\t<div class=\"elementor-button-wrapper\">\n\t\t\t\t\t<a class=\"elementor-button elementor-button-link elementor-size-sm\" href=\"https:\/\/seradepula.com\/en\/cata-de-vinos\/\">\n\t\t\t\t\t\t<span class=\"elementor-button-content-wrapper\">\n\t\t\t\t\t\t\t\t\t<span class=\"elementor-button-text\">REGALAR<\/span>\n\t\t\t\t\t<\/span>\n\t\t\t\t\t<\/a>\n\t\t\t\t<\/div>\n\t\t\t\t\t\t\t\t<\/div>\n\t\t\t\t<\/div>\n\t\t\t\t\t<\/div>\n\t\t<\/div>\n\t\t\t\t\t<\/div>\n\t\t<\/section>\n\t\t\t\t\t<\/div>\n\t\t<\/div>\n\t\t\t\t\t<\/div>\n\t\t<\/section>\n\t\t\t\t<\/div>","protected":false},"excerpt":{"rendered":"<p>regala Bienvenidos al hogar del sabor de Mallorca Descubre un lugar donde la pasi\u00f3n por la cocina mediterr\u00e1nea se traduce en experiencias inolvidables. En S&#8217;Era de Pula, cada detalle est\u00e1 pensado para sorprenderte y conectar con lo m\u00e1s aut\u00e9ntico de nuestra tradici\u00f3n. Ven a disfrutar de momentos \u00fanicos que inspiran, emocionan y se comparten. D\u00e9jate [&hellip;]<\/p>\n","protected":false},"author":2,"featured_media":379,"parent":0,"menu_order":0,"comment_status":"closed","ping_status":"closed","template":"","meta":{"site-sidebar-layout":"no-sidebar","site-content-layout":"page-builder","ast-site-content-layout":"full-width-container","site-content-style":"unboxed","site-sidebar-style":"unboxed","ast-global-header-display":"","ast-banner-title-visibility":"","ast-main-header-display":"","ast-hfb-above-header-display":"","ast-hfb-below-header-display":"","ast-hfb-mobile-header-display":"","site-post-title":"disabled","ast-breadcrumbs-content":"","ast-featured-img":"disabled","footer-sml-layout":"","ast-disable-related-posts":"","theme-transparent-header-meta":"enabled","adv-header-id-meta":"","stick-header-meta":"","header-above-stick-meta":"","header-main-stick-meta":"","header-below-stick-meta":"","astra-migrate-meta-layouts":"set","ast-page-background-enabled":"default","ast-page-background-meta":{"desktop":{"background-color":"","background-image":"","background-repeat":"repeat","background-position":"center center","background-size":"auto","background-attachment":"scroll","background-type":"","background-media":"","overlay-type":"","overlay-color":"","overlay-opacity":"","overlay-gradient":""},"tablet":{"background-color":"","background-image":"","background-repeat":"repeat","background-position":"center center","background-size":"auto","background-attachment":"scroll","background-type":"","background-media":"","overlay-type":"","overlay-color":"","overlay-opacity":"","overlay-gradient":""},"mobile":{"background-color":"","background-image":"","background-repeat":"repeat","background-position":"center center","background-size":"auto","background-attachment":"scroll","background-type":"","background-media":"","overlay-type":"","overlay-color":"","overlay-opacity":"","overlay-gradient":""}},"ast-content-background-meta":{"desktop":{"background-color":"var(--ast-global-color-5)","background-image":"","background-repeat":"repeat","background-position":"center center","background-size":"auto","background-attachment":"scroll","background-type":"","background-media":"","overlay-type":"","overlay-color":"","overlay-opacity":"","overlay-gradient":""},"tablet":{"background-color":"var(--ast-global-color-5)","background-image":"","background-repeat":"repeat","background-position":"center center","background-size":"auto","background-attachment":"scroll","background-type":"","background-media":"","overlay-type":"","overlay-color":"","overlay-opacity":"","overlay-gradient":""},"mobile":{"background-color":"var(--ast-global-color-5)","background-image":"","background-repeat":"repeat","background-position":"center center","background-size":"auto","background-attachment":"scroll","background-type":"","background-media":"","overlay-type":"","overlay-color":"","overlay-opacity":"","overlay-gradient":""}},"footnotes":""},"class_list":["post-2023","page","type-page","status-publish","has-post-thumbnail","hentry"],"yoast_head":"<!-- This site is optimized with the Yoast SEO plugin v27.4 - https:\/\/yoast.com\/product\/yoast-seo-wordpress\/ -->\n<title>Eventos \u00fanicos en S&#039;era de Pula<\/title>\n<meta name=\"description\" content=\"En S&#039;era de Pula, celebramos la vida a trav\u00e9s de eventos \u00fanicos e inolvidables. Con una combinaci\u00f3n perfecta de naturaleza y elegancia.\" \/>\n<meta name=\"robots\" content=\"index, follow, max-snippet:-1, max-image-preview:large, max-video-preview:-1\" \/>\n<link rel=\"canonical\" href=\"https:\/\/seradepula.com\/en\/regala\/\" \/>\n<meta property=\"og:locale\" content=\"en_GB\" \/>\n<meta property=\"og:type\" content=\"article\" \/>\n<meta property=\"og:title\" content=\"Eventos \u00fanicos en S&#039;era de Pula\" \/>\n<meta property=\"og:description\" content=\"En S&#039;era de Pula, celebramos la vida a trav\u00e9s de eventos \u00fanicos e inolvidables. Con una combinaci\u00f3n perfecta de naturaleza y elegancia.\" \/>\n<meta property=\"og:url\" content=\"https:\/\/seradepula.com\/en\/regala\/\" \/>\n<meta property=\"og:site_name\" content=\"S&#039;era de Pula\" \/>\n<meta property=\"article:modified_time\" content=\"2025-04-16T08:34:24+00:00\" \/>\n<meta property=\"og:image\" content=\"https:\/\/seradepula.com\/wp-content\/uploads\/2023\/01\/1-6-scaled.jpg\" \/>\n\t<meta property=\"og:image:width\" content=\"2560\" \/>\n\t<meta property=\"og:image:height\" content=\"1707\" \/>\n\t<meta property=\"og:image:type\" content=\"image\/jpeg\" \/>\n<meta name=\"twitter:card\" content=\"summary_large_image\" \/>\n<meta name=\"twitter:label1\" content=\"Estimated reading time\" \/>\n\t<meta name=\"twitter:data1\" content=\"1 minute\" \/>\n<script type=\"application\/ld+json\" class=\"yoast-schema-graph\">{\"@context\":\"https:\\\/\\\/schema.org\",\"@graph\":[{\"@type\":\"WebPage\",\"@id\":\"https:\\\/\\\/seradepula.com\\\/regala\\\/\",\"url\":\"https:\\\/\\\/seradepula.com\\\/regala\\\/\",\"name\":\"Eventos \u00fanicos en S&#039;era de Pula\",\"isPartOf\":{\"@id\":\"https:\\\/\\\/seradepula.com\\\/#website\"},\"primaryImageOfPage\":{\"@id\":\"https:\\\/\\\/seradepula.com\\\/regala\\\/#primaryimage\"},\"image\":{\"@id\":\"https:\\\/\\\/seradepula.com\\\/regala\\\/#primaryimage\"},\"thumbnailUrl\":\"https:\\\/\\\/seradepula.com\\\/wp-content\\\/uploads\\\/2023\\\/01\\\/1-6-scaled.jpg\",\"datePublished\":\"2025-02-26T10:35:22+00:00\",\"dateModified\":\"2025-04-16T08:34:24+00:00\",\"description\":\"En S'era de Pula, celebramos la vida a trav\u00e9s de eventos \u00fanicos e inolvidables. Con una combinaci\u00f3n perfecta de naturaleza y elegancia.\",\"breadcrumb\":{\"@id\":\"https:\\\/\\\/seradepula.com\\\/regala\\\/#breadcrumb\"},\"inLanguage\":\"en-GB\",\"potentialAction\":[{\"@type\":\"ReadAction\",\"target\":[\"https:\\\/\\\/seradepula.com\\\/regala\\\/\"]}]},{\"@type\":\"ImageObject\",\"inLanguage\":\"en-GB\",\"@id\":\"https:\\\/\\\/seradepula.com\\\/regala\\\/#primaryimage\",\"url\":\"https:\\\/\\\/seradepula.com\\\/wp-content\\\/uploads\\\/2023\\\/01\\\/1-6-scaled.jpg\",\"contentUrl\":\"https:\\\/\\\/seradepula.com\\\/wp-content\\\/uploads\\\/2023\\\/01\\\/1-6-scaled.jpg\",\"width\":2048,\"height\":1366,\"caption\":\"Eventos S'era de Pula\"},{\"@type\":\"BreadcrumbList\",\"@id\":\"https:\\\/\\\/seradepula.com\\\/regala\\\/#breadcrumb\",\"itemListElement\":[{\"@type\":\"ListItem\",\"position\":1,\"name\":\"Portada\",\"item\":\"https:\\\/\\\/seradepula.com\\\/\"},{\"@type\":\"ListItem\",\"position\":2,\"name\":\"Regala\"}]},{\"@type\":\"WebSite\",\"@id\":\"https:\\\/\\\/seradepula.com\\\/#website\",\"url\":\"https:\\\/\\\/seradepula.com\\\/\",\"name\":\"S&#039;era de Pula\",\"description\":\"\",\"publisher\":{\"@id\":\"https:\\\/\\\/seradepula.com\\\/#organization\"},\"potentialAction\":[{\"@type\":\"SearchAction\",\"target\":{\"@type\":\"EntryPoint\",\"urlTemplate\":\"https:\\\/\\\/seradepula.com\\\/?s={search_term_string}\"},\"query-input\":{\"@type\":\"PropertyValueSpecification\",\"valueRequired\":true,\"valueName\":\"search_term_string\"}}],\"inLanguage\":\"en-GB\"},{\"@type\":\"Organization\",\"@id\":\"https:\\\/\\\/seradepula.com\\\/#organization\",\"name\":\"S&#039;era de Pula\",\"url\":\"https:\\\/\\\/seradepula.com\\\/\",\"logo\":{\"@type\":\"ImageObject\",\"inLanguage\":\"en-GB\",\"@id\":\"https:\\\/\\\/seradepula.com\\\/#\\\/schema\\\/logo\\\/image\\\/\",\"url\":\"https:\\\/\\\/seradepula.com\\\/wp-content\\\/uploads\\\/2023\\\/01\\\/logo-light.svg\",\"contentUrl\":\"https:\\\/\\\/seradepula.com\\\/wp-content\\\/uploads\\\/2023\\\/01\\\/logo-light.svg\",\"width\":196,\"height\":209,\"caption\":\"S&#039;era de Pula\"},\"image\":{\"@id\":\"https:\\\/\\\/seradepula.com\\\/#\\\/schema\\\/logo\\\/image\\\/\"}}]}<\/script>\n<!-- \/ Yoast SEO plugin. -->","yoast_head_json":{"title":"Eventos \u00fanicos en S&#039;era de Pula","description":"En S'era de Pula, celebramos la vida a trav\u00e9s de eventos \u00fanicos e inolvidables. Con una combinaci\u00f3n perfecta de naturaleza y elegancia.","robots":{"index":"index","follow":"follow","max-snippet":"max-snippet:-1","max-image-preview":"max-image-preview:large","max-video-preview":"max-video-preview:-1"},"canonical":"https:\/\/seradepula.com\/en\/regala\/","og_locale":"en_GB","og_type":"article","og_title":"Eventos \u00fanicos en S&#039;era de Pula","og_description":"En S'era de Pula, celebramos la vida a trav\u00e9s de eventos \u00fanicos e inolvidables. Con una combinaci\u00f3n perfecta de naturaleza y elegancia.","og_url":"https:\/\/seradepula.com\/en\/regala\/","og_site_name":"S&#039;era de Pula","article_modified_time":"2025-04-16T08:34:24+00:00","og_image":[{"width":2560,"height":1707,"url":"https:\/\/seradepula.com\/wp-content\/uploads\/2023\/01\/1-6-scaled.jpg","type":"image\/jpeg"}],"twitter_card":"summary_large_image","twitter_misc":{"Estimated reading time":"1 minute"},"schema":{"@context":"https:\/\/schema.org","@graph":[{"@type":"WebPage","@id":"https:\/\/seradepula.com\/regala\/","url":"https:\/\/seradepula.com\/regala\/","name":"Eventos \u00fanicos en S&#039;era de Pula","isPartOf":{"@id":"https:\/\/seradepula.com\/#website"},"primaryImageOfPage":{"@id":"https:\/\/seradepula.com\/regala\/#primaryimage"},"image":{"@id":"https:\/\/seradepula.com\/regala\/#primaryimage"},"thumbnailUrl":"https:\/\/seradepula.com\/wp-content\/uploads\/2023\/01\/1-6-scaled.jpg","datePublished":"2025-02-26T10:35:22+00:00","dateModified":"2025-04-16T08:34:24+00:00","description":"En S'era de Pula, celebramos la vida a trav\u00e9s de eventos \u00fanicos e inolvidables. Con una combinaci\u00f3n perfecta de naturaleza y elegancia.","breadcrumb":{"@id":"https:\/\/seradepula.com\/regala\/#breadcrumb"},"inLanguage":"en-GB","potentialAction":[{"@type":"ReadAction","target":["https:\/\/seradepula.com\/regala\/"]}]},{"@type":"ImageObject","inLanguage":"en-GB","@id":"https:\/\/seradepula.com\/regala\/#primaryimage","url":"https:\/\/seradepula.com\/wp-content\/uploads\/2023\/01\/1-6-scaled.jpg","contentUrl":"https:\/\/seradepula.com\/wp-content\/uploads\/2023\/01\/1-6-scaled.jpg","width":2048,"height":1366,"caption":"Eventos S'era de Pula"},{"@type":"BreadcrumbList","@id":"https:\/\/seradepula.com\/regala\/#breadcrumb","itemListElement":[{"@type":"ListItem","position":1,"name":"Portada","item":"https:\/\/seradepula.com\/"},{"@type":"ListItem","position":2,"name":"Regala"}]},{"@type":"WebSite","@id":"https:\/\/seradepula.com\/#website","url":"https:\/\/seradepula.com\/","name":"S&#039;era de Pula","description":"","publisher":{"@id":"https:\/\/seradepula.com\/#organization"},"potentialAction":[{"@type":"SearchAction","target":{"@type":"EntryPoint","urlTemplate":"https:\/\/seradepula.com\/?s={search_term_string}"},"query-input":{"@type":"PropertyValueSpecification","valueRequired":true,"valueName":"search_term_string"}}],"inLanguage":"en-GB"},{"@type":"Organization","@id":"https:\/\/seradepula.com\/#organization","name":"S&#039;era de Pula","url":"https:\/\/seradepula.com\/","logo":{"@type":"ImageObject","inLanguage":"en-GB","@id":"https:\/\/seradepula.com\/#\/schema\/logo\/image\/","url":"https:\/\/seradepula.com\/wp-content\/uploads\/2023\/01\/logo-light.svg","contentUrl":"https:\/\/seradepula.com\/wp-content\/uploads\/2023\/01\/logo-light.svg","width":196,"height":209,"caption":"S&#039;era de Pula"},"image":{"@id":"https:\/\/seradepula.com\/#\/schema\/logo\/image\/"}}]}},"_links":{"self":[{"href":"https:\/\/seradepula.com\/en\/wp-json\/wp\/v2\/pages\/2023","targetHints":{"allow":["GET"]}}],"collection":[{"href":"https:\/\/seradepula.com\/en\/wp-json\/wp\/v2\/pages"}],"about":[{"href":"https:\/\/seradepula.com\/en\/wp-json\/wp\/v2\/types\/page"}],"author":[{"embeddable":true,"href":"https:\/\/seradepula.com\/en\/wp-json\/wp\/v2\/users\/2"}],"replies":[{"embeddable":true,"href":"https:\/\/seradepula.com\/en\/wp-json\/wp\/v2\/comments?post=2023"}],"version-history":[{"count":0,"href":"https:\/\/seradepula.com\/en\/wp-json\/wp\/v2\/pages\/2023\/revisions"}],"wp:featuredmedia":[{"embeddable":true,"href":"https:\/\/seradepula.com\/en\/wp-json\/wp\/v2\/media\/379"}],"wp:attachment":[{"href":"https:\/\/seradepula.com\/en\/wp-json\/wp\/v2\/media?parent=2023"}],"curies":[{"name":"wp","href":"https:\/\/api.w.org\/{rel}","templated":true}]}}