{"id":2032,"date":"2025-02-26T12:15:18","date_gmt":"2025-02-26T11:15:18","guid":{"rendered":"https:\/\/seradepula.com\/?page_id=2032"},"modified":"2025-02-26T14:15:06","modified_gmt":"2025-02-26T13:15:06","slug":"cata-de-vinos","status":"publish","type":"page","link":"https:\/\/seradepula.com\/ca\/cata-de-vinos\/","title":{"rendered":"Tast de vins"},"content":{"rendered":"<div data-elementor-type=\"wp-page\" data-elementor-id=\"2032\" class=\"elementor elementor-2032\" data-elementor-post-type=\"page\">\n\t\t\t\t<div class=\"elementor-element elementor-element-82f955b e-flex e-con-boxed e-con e-parent\" data-id=\"82f955b\" data-element_type=\"container\" data-e-type=\"container\" data-settings=\"{&quot;background_background&quot;:&quot;classic&quot;}\">\n\t\t\t\t\t<div class=\"e-con-inner\">\n\t\t<div class=\"elementor-element elementor-element-1893469 e-con-full e-flex e-con e-child\" data-id=\"1893469\" data-element_type=\"container\" data-e-type=\"container\">\n\t\t\t\t<div class=\"elementor-element elementor-element-9efae98 elementor-widget elementor-widget-image\" data-id=\"9efae98\" data-element_type=\"widget\" data-e-type=\"widget\" data-widget_type=\"image.default\">\n\t\t\t\t<div class=\"elementor-widget-container\">\n\t\t\t\t\t\t\t\t\t\t\t\t\t\t\t<img fetchpriority=\"high\" decoding=\"async\" width=\"1024\" height=\"683\" src=\"https:\/\/seradepula.com\/wp-content\/uploads\/2025\/02\/vinos-1024x683.jpeg\" class=\"attachment-large size-large wp-image-2034\" alt=\"\" srcset=\"https:\/\/seradepula.com\/wp-content\/uploads\/2025\/02\/vinos-1024x683.jpeg 1024w, https:\/\/seradepula.com\/wp-content\/uploads\/2025\/02\/vinos-600x400.jpeg 600w, https:\/\/seradepula.com\/wp-content\/uploads\/2025\/02\/vinos-300x200.jpeg 300w, https:\/\/seradepula.com\/wp-content\/uploads\/2025\/02\/vinos-768x512.jpeg 768w, https:\/\/seradepula.com\/wp-content\/uploads\/2025\/02\/vinos-1536x1024.jpeg 1536w, https:\/\/seradepula.com\/wp-content\/uploads\/2025\/02\/vinos-18x12.jpeg 18w, https:\/\/seradepula.com\/wp-content\/uploads\/2025\/02\/vinos.jpeg 1600w\" sizes=\"(max-width: 1024px) 100vw, 1024px\" \/>\t\t\t\t\t\t\t\t\t\t\t\t\t\t\t<\/div>\n\t\t\t\t<\/div>\n\t\t\t\t<\/div>\n\t\t<div class=\"elementor-element elementor-element-ad09669 e-con-full e-flex e-con e-child\" data-id=\"ad09669\" data-element_type=\"container\" data-e-type=\"container\">\n\t\t\t\t<div class=\"elementor-element elementor-element-b436e85 elementor-widget elementor-widget-heading\" data-id=\"b436e85\" data-element_type=\"widget\" data-e-type=\"widget\" data-widget_type=\"heading.default\">\n\t\t\t\t<div class=\"elementor-widget-container\">\n\t\t\t\t\t<h2 class=\"elementor-heading-title elementor-size-default\">Tast de vins<\/h2>\t\t\t\t<\/div>\n\t\t\t\t<\/div>\n\t\t\t\t<div class=\"elementor-element elementor-element-da89c1b elementor-widget elementor-widget-text-editor\" data-id=\"da89c1b\" data-element_type=\"widget\" data-e-type=\"widget\" data-widget_type=\"text-editor.default\">\n\t\t\t\t<div class=\"elementor-widget-container\">\n\t\t\t\t\t\t\t\t\t<p>Sum\u00e9rgete en una experiencia sensorial con nuestra selecci\u00f3n de vinos locales, cuidadosamente maridados con una variedad de embutidos tradicionales. Esta cata destaca los sabores distintivos de la regi\u00f3n, ofreciendo una oportunidad \u00fanica para explorar la enolog\u00eda y gastronom\u00eda mallorquina en un entorno acogedor.<\/p>\t\t\t\t\t\t\t\t<\/div>\n\t\t\t\t<\/div>\n\t\t\t\t<div class=\"elementor-element elementor-element-09a1a30 elementor-widget elementor-widget-text-editor\" data-id=\"09a1a30\" data-element_type=\"widget\" data-e-type=\"widget\" data-widget_type=\"text-editor.default\">\n\t\t\t\t<div class=\"elementor-widget-container\">\n\t\t\t\t\t\t\t\t\t<p><strong>Precio<\/strong>: 39\u20ac por persona.<\/p>\t\t\t\t\t\t\t\t<\/div>\n\t\t\t\t<\/div>\n\t\t\t\t<div class=\"elementor-element elementor-element-7d06bed elementor-widget elementor-widget-wc-add-to-cart\" data-id=\"7d06bed\" data-element_type=\"widget\" data-e-type=\"widget\" data-widget_type=\"wc-add-to-cart.default\">\n\t\t\t\t<div class=\"elementor-widget-container\">\n\t\t\t\t\t\t\t\t\t<div class=\"elementor-button-wrapper\">\n\t\t\t\t\t<a rel=\"nofollow\" href=\"\/ca\/cata-de-vinos\/?add-to-cart=2022\" data-quantity=\"1\" data-product_id=\"2022\" class=\"product_type_simple add_to_cart_button ajax_add_to_cart elementor-button elementor-size-sm\" role=\"button\">\n\t\t\t\t\t\t<span class=\"elementor-button-content-wrapper\">\n\t\t\t\t\t\t<span class=\"elementor-button-icon\">\n\t\t\t\t<i aria-hidden=\"true\" class=\"fas fa-shopping-cart\"><\/i>\t\t\t<\/span>\n\t\t\t\t\t\t\t\t\t<span class=\"elementor-button-text\">A\u00f1adir al carrito<\/span>\n\t\t\t\t\t<\/span>\n\t\t\t\t\t<\/a>\n\t\t\t\t<\/div>\n\t\t\t\t\t\t\t\t<\/div>\n\t\t\t\t<\/div>\n\t\t\t\t<\/div>\n\t\t\t\t\t<\/div>\n\t\t\t\t<\/div>\n\t\t<div class=\"elementor-element elementor-element-0af4c0a e-flex e-con-boxed e-con e-parent\" data-id=\"0af4c0a\" data-element_type=\"container\" data-e-type=\"container\" data-settings=\"{&quot;background_background&quot;:&quot;classic&quot;}\">\n\t\t\t\t\t<div class=\"e-con-inner\">\n\t\t\t\t<div class=\"elementor-element elementor-element-2d94b23 elementor-widget elementor-widget-heading\" data-id=\"2d94b23\" data-element_type=\"widget\" data-e-type=\"widget\" data-widget_type=\"heading.default\">\n\t\t\t\t<div class=\"elementor-widget-container\">\n\t\t\t\t\t<h4 class=\"elementor-heading-title elementor-size-default\">Condiciones<\/h4>\t\t\t\t<\/div>\n\t\t\t\t<\/div>\n\t\t\t\t<div class=\"elementor-element elementor-element-96b2150 elementor-widget elementor-widget-text-editor\" data-id=\"96b2150\" data-element_type=\"widget\" data-e-type=\"widget\" data-widget_type=\"text-editor.default\">\n\t\t\t\t<div class=\"elementor-widget-container\">\n\t\t\t\t\t\t\t\t\t<p>Requiere un grupo m\u00ednimo de 10 personas y reserva previa.<br \/>Ideal para celebraciones, reuniones de empresa o encuentros entre amigos que deseen disfrutar de una experiencia compartida.<\/p>\t\t\t\t\t\t\t\t<\/div>\n\t\t\t\t<\/div>\n\t\t\t\t\t<\/div>\n\t\t\t\t<\/div>\n\t\t\t\t<\/div>","protected":false},"excerpt":{"rendered":"<p>Cata de vinos Sum\u00e9rgete en una experiencia sensorial con nuestra selecci\u00f3n de vinos locales, cuidadosamente maridados con una variedad de embutidos tradicionales. Esta cata destaca los sabores distintivos de la regi\u00f3n, ofreciendo una oportunidad \u00fanica para explorar la enolog\u00eda y gastronom\u00eda mallorquina en un entorno acogedor. Precio: 39\u20ac por persona. A\u00f1adir al carrito Condiciones Requiere [&hellip;]<\/p>\n","protected":false},"author":2,"featured_media":0,"parent":0,"menu_order":0,"comment_status":"closed","ping_status":"closed","template":"","meta":{"site-sidebar-layout":"no-sidebar","site-content-layout":"page-builder","ast-site-content-layout":"full-width-container","site-content-style":"default","site-sidebar-style":"default","ast-global-header-display":"","ast-banner-title-visibility":"","ast-main-header-display":"","ast-hfb-above-header-display":"","ast-hfb-below-header-display":"","ast-hfb-mobile-header-display":"","site-post-title":"disabled","ast-breadcrumbs-content":"","ast-featured-img":"disabled","footer-sml-layout":"","ast-disable-related-posts":"","theme-transparent-header-meta":"","adv-header-id-meta":"","stick-header-meta":"","header-above-stick-meta":"","header-main-stick-meta":"","header-below-stick-meta":"","astra-migrate-meta-layouts":"set","ast-page-background-enabled":"default","ast-page-background-meta":{"desktop":{"background-color":"","background-image":"","background-repeat":"repeat","background-position":"center center","background-size":"auto","background-attachment":"scroll","background-type":"","background-media":"","overlay-type":"","overlay-color":"","overlay-opacity":"","overlay-gradient":""},"tablet":{"background-color":"","background-image":"","background-repeat":"repeat","background-position":"center center","background-size":"auto","background-attachment":"scroll","background-type":"","background-media":"","overlay-type":"","overlay-color":"","overlay-opacity":"","overlay-gradient":""},"mobile":{"background-color":"","background-image":"","background-repeat":"repeat","background-position":"center center","background-size":"auto","background-attachment":"scroll","background-type":"","background-media":"","overlay-type":"","overlay-color":"","overlay-opacity":"","overlay-gradient":""}},"ast-content-background-meta":{"desktop":{"background-color":"var(--ast-global-color-5)","background-image":"","background-repeat":"repeat","background-position":"center center","background-size":"auto","background-attachment":"scroll","background-type":"","background-media":"","overlay-type":"","overlay-color":"","overlay-opacity":"","overlay-gradient":""},"tablet":{"background-color":"var(--ast-global-color-5)","background-image":"","background-repeat":"repeat","background-position":"center center","background-size":"auto","background-attachment":"scroll","background-type":"","background-media":"","overlay-type":"","overlay-color":"","overlay-opacity":"","overlay-gradient":""},"mobile":{"background-color":"var(--ast-global-color-5)","background-image":"","background-repeat":"repeat","background-position":"center center","background-size":"auto","background-attachment":"scroll","background-type":"","background-media":"","overlay-type":"","overlay-color":"","overlay-opacity":"","overlay-gradient":""}},"footnotes":""},"class_list":["post-2032","page","type-page","status-publish","hentry"],"yoast_head":"<!-- This site is optimized with the Yoast SEO plugin v27.4 - https:\/\/yoast.com\/product\/yoast-seo-wordpress\/ -->\n<title>Cata de vinos - S&#039;era de Pula<\/title>\n<meta name=\"robots\" content=\"index, follow, max-snippet:-1, max-image-preview:large, max-video-preview:-1\" \/>\n<link rel=\"canonical\" href=\"https:\/\/seradepula.com\/ca\/cata-de-vinos\/\" \/>\n<meta property=\"og:locale\" content=\"ca_ES\" \/>\n<meta property=\"og:type\" content=\"article\" \/>\n<meta property=\"og:title\" content=\"Cata de vinos - S&#039;era de Pula\" \/>\n<meta property=\"og:description\" content=\"Cata de vinos Sum\u00e9rgete en una experiencia sensorial con nuestra selecci\u00f3n de vinos locales, cuidadosamente maridados con una variedad de embutidos tradicionales. Esta cata destaca los sabores distintivos de la regi\u00f3n, ofreciendo una oportunidad \u00fanica para explorar la enolog\u00eda y gastronom\u00eda mallorquina en un entorno acogedor. Precio: 39\u20ac por persona. A\u00f1adir al carrito Condiciones Requiere [&hellip;]\" \/>\n<meta property=\"og:url\" content=\"https:\/\/seradepula.com\/ca\/cata-de-vinos\/\" \/>\n<meta property=\"og:site_name\" content=\"S&#039;era de Pula\" \/>\n<meta property=\"article:modified_time\" content=\"2025-02-26T13:15:06+00:00\" \/>\n<meta property=\"og:image\" content=\"https:\/\/seradepula.com\/wp-content\/uploads\/2025\/02\/vinos.jpeg\" \/>\n\t<meta property=\"og:image:width\" content=\"1600\" \/>\n\t<meta property=\"og:image:height\" content=\"1067\" \/>\n\t<meta property=\"og:image:type\" content=\"image\/jpeg\" \/>\n<meta name=\"twitter:card\" content=\"summary_large_image\" \/>\n<meta name=\"twitter:label1\" content=\"Temps estimat de lectura\" \/>\n\t<meta name=\"twitter:data1\" content=\"1 minut\" \/>\n<script type=\"application\/ld+json\" class=\"yoast-schema-graph\">{\"@context\":\"https:\\\/\\\/schema.org\",\"@graph\":[{\"@type\":\"WebPage\",\"@id\":\"https:\\\/\\\/seradepula.com\\\/cata-de-vinos\\\/\",\"url\":\"https:\\\/\\\/seradepula.com\\\/cata-de-vinos\\\/\",\"name\":\"Cata de vinos - S&#039;era de Pula\",\"isPartOf\":{\"@id\":\"https:\\\/\\\/seradepula.com\\\/#website\"},\"primaryImageOfPage\":{\"@id\":\"https:\\\/\\\/seradepula.com\\\/cata-de-vinos\\\/#primaryimage\"},\"image\":{\"@id\":\"https:\\\/\\\/seradepula.com\\\/cata-de-vinos\\\/#primaryimage\"},\"thumbnailUrl\":\"https:\\\/\\\/seradepula.com\\\/wp-content\\\/uploads\\\/2025\\\/02\\\/vinos-1024x683.jpeg\",\"datePublished\":\"2025-02-26T11:15:18+00:00\",\"dateModified\":\"2025-02-26T13:15:06+00:00\",\"breadcrumb\":{\"@id\":\"https:\\\/\\\/seradepula.com\\\/cata-de-vinos\\\/#breadcrumb\"},\"inLanguage\":\"ca\",\"potentialAction\":[{\"@type\":\"ReadAction\",\"target\":[\"https:\\\/\\\/seradepula.com\\\/cata-de-vinos\\\/\"]}]},{\"@type\":\"ImageObject\",\"inLanguage\":\"ca\",\"@id\":\"https:\\\/\\\/seradepula.com\\\/cata-de-vinos\\\/#primaryimage\",\"url\":\"https:\\\/\\\/seradepula.com\\\/wp-content\\\/uploads\\\/2025\\\/02\\\/vinos-1024x683.jpeg\",\"contentUrl\":\"https:\\\/\\\/seradepula.com\\\/wp-content\\\/uploads\\\/2025\\\/02\\\/vinos-1024x683.jpeg\"},{\"@type\":\"BreadcrumbList\",\"@id\":\"https:\\\/\\\/seradepula.com\\\/cata-de-vinos\\\/#breadcrumb\",\"itemListElement\":[{\"@type\":\"ListItem\",\"position\":1,\"name\":\"Portada\",\"item\":\"https:\\\/\\\/seradepula.com\\\/\"},{\"@type\":\"ListItem\",\"position\":2,\"name\":\"Cata de vinos\"}]},{\"@type\":\"WebSite\",\"@id\":\"https:\\\/\\\/seradepula.com\\\/#website\",\"url\":\"https:\\\/\\\/seradepula.com\\\/\",\"name\":\"S&#039;era de Pula\",\"description\":\"\",\"publisher\":{\"@id\":\"https:\\\/\\\/seradepula.com\\\/#organization\"},\"potentialAction\":[{\"@type\":\"SearchAction\",\"target\":{\"@type\":\"EntryPoint\",\"urlTemplate\":\"https:\\\/\\\/seradepula.com\\\/?s={search_term_string}\"},\"query-input\":{\"@type\":\"PropertyValueSpecification\",\"valueRequired\":true,\"valueName\":\"search_term_string\"}}],\"inLanguage\":\"ca\"},{\"@type\":\"Organization\",\"@id\":\"https:\\\/\\\/seradepula.com\\\/#organization\",\"name\":\"S&#039;era de Pula\",\"url\":\"https:\\\/\\\/seradepula.com\\\/\",\"logo\":{\"@type\":\"ImageObject\",\"inLanguage\":\"ca\",\"@id\":\"https:\\\/\\\/seradepula.com\\\/#\\\/schema\\\/logo\\\/image\\\/\",\"url\":\"https:\\\/\\\/seradepula.com\\\/wp-content\\\/uploads\\\/2023\\\/01\\\/logo-light.svg\",\"contentUrl\":\"https:\\\/\\\/seradepula.com\\\/wp-content\\\/uploads\\\/2023\\\/01\\\/logo-light.svg\",\"width\":196,\"height\":209,\"caption\":\"S&#039;era de Pula\"},\"image\":{\"@id\":\"https:\\\/\\\/seradepula.com\\\/#\\\/schema\\\/logo\\\/image\\\/\"}}]}<\/script>\n<!-- \/ Yoast SEO plugin. -->","yoast_head_json":{"title":"Cata de vinos - S&#039;era de Pula","robots":{"index":"index","follow":"follow","max-snippet":"max-snippet:-1","max-image-preview":"max-image-preview:large","max-video-preview":"max-video-preview:-1"},"canonical":"https:\/\/seradepula.com\/ca\/cata-de-vinos\/","og_locale":"ca_ES","og_type":"article","og_title":"Cata de vinos - S&#039;era de Pula","og_description":"Cata de vinos Sum\u00e9rgete en una experiencia sensorial con nuestra selecci\u00f3n de vinos locales, cuidadosamente maridados con una variedad de embutidos tradicionales. Esta cata destaca los sabores distintivos de la regi\u00f3n, ofreciendo una oportunidad \u00fanica para explorar la enolog\u00eda y gastronom\u00eda mallorquina en un entorno acogedor. Precio: 39\u20ac por persona. A\u00f1adir al carrito Condiciones Requiere [&hellip;]","og_url":"https:\/\/seradepula.com\/ca\/cata-de-vinos\/","og_site_name":"S&#039;era de Pula","article_modified_time":"2025-02-26T13:15:06+00:00","og_image":[{"width":1600,"height":1067,"url":"https:\/\/seradepula.com\/wp-content\/uploads\/2025\/02\/vinos.jpeg","type":"image\/jpeg"}],"twitter_card":"summary_large_image","twitter_misc":{"Temps estimat de lectura":"1 minut"},"schema":{"@context":"https:\/\/schema.org","@graph":[{"@type":"WebPage","@id":"https:\/\/seradepula.com\/cata-de-vinos\/","url":"https:\/\/seradepula.com\/cata-de-vinos\/","name":"Cata de vinos - S&#039;era de Pula","isPartOf":{"@id":"https:\/\/seradepula.com\/#website"},"primaryImageOfPage":{"@id":"https:\/\/seradepula.com\/cata-de-vinos\/#primaryimage"},"image":{"@id":"https:\/\/seradepula.com\/cata-de-vinos\/#primaryimage"},"thumbnailUrl":"https:\/\/seradepula.com\/wp-content\/uploads\/2025\/02\/vinos-1024x683.jpeg","datePublished":"2025-02-26T11:15:18+00:00","dateModified":"2025-02-26T13:15:06+00:00","breadcrumb":{"@id":"https:\/\/seradepula.com\/cata-de-vinos\/#breadcrumb"},"inLanguage":"ca","potentialAction":[{"@type":"ReadAction","target":["https:\/\/seradepula.com\/cata-de-vinos\/"]}]},{"@type":"ImageObject","inLanguage":"ca","@id":"https:\/\/seradepula.com\/cata-de-vinos\/#primaryimage","url":"https:\/\/seradepula.com\/wp-content\/uploads\/2025\/02\/vinos-1024x683.jpeg","contentUrl":"https:\/\/seradepula.com\/wp-content\/uploads\/2025\/02\/vinos-1024x683.jpeg"},{"@type":"BreadcrumbList","@id":"https:\/\/seradepula.com\/cata-de-vinos\/#breadcrumb","itemListElement":[{"@type":"ListItem","position":1,"name":"Portada","item":"https:\/\/seradepula.com\/"},{"@type":"ListItem","position":2,"name":"Cata de vinos"}]},{"@type":"WebSite","@id":"https:\/\/seradepula.com\/#website","url":"https:\/\/seradepula.com\/","name":"S&#039;era de Pula","description":"","publisher":{"@id":"https:\/\/seradepula.com\/#organization"},"potentialAction":[{"@type":"SearchAction","target":{"@type":"EntryPoint","urlTemplate":"https:\/\/seradepula.com\/?s={search_term_string}"},"query-input":{"@type":"PropertyValueSpecification","valueRequired":true,"valueName":"search_term_string"}}],"inLanguage":"ca"},{"@type":"Organization","@id":"https:\/\/seradepula.com\/#organization","name":"S&#039;era de Pula","url":"https:\/\/seradepula.com\/","logo":{"@type":"ImageObject","inLanguage":"ca","@id":"https:\/\/seradepula.com\/#\/schema\/logo\/image\/","url":"https:\/\/seradepula.com\/wp-content\/uploads\/2023\/01\/logo-light.svg","contentUrl":"https:\/\/seradepula.com\/wp-content\/uploads\/2023\/01\/logo-light.svg","width":196,"height":209,"caption":"S&#039;era de Pula"},"image":{"@id":"https:\/\/seradepula.com\/#\/schema\/logo\/image\/"}}]}},"_links":{"self":[{"href":"https:\/\/seradepula.com\/ca\/wp-json\/wp\/v2\/pages\/2032","targetHints":{"allow":["GET"]}}],"collection":[{"href":"https:\/\/seradepula.com\/ca\/wp-json\/wp\/v2\/pages"}],"about":[{"href":"https:\/\/seradepula.com\/ca\/wp-json\/wp\/v2\/types\/page"}],"author":[{"embeddable":true,"href":"https:\/\/seradepula.com\/ca\/wp-json\/wp\/v2\/users\/2"}],"replies":[{"embeddable":true,"href":"https:\/\/seradepula.com\/ca\/wp-json\/wp\/v2\/comments?post=2032"}],"version-history":[{"count":0,"href":"https:\/\/seradepula.com\/ca\/wp-json\/wp\/v2\/pages\/2032\/revisions"}],"wp:attachment":[{"href":"https:\/\/seradepula.com\/ca\/wp-json\/wp\/v2\/media?parent=2032"}],"curies":[{"name":"wp","href":"https:\/\/api.w.org\/{rel}","templated":true}]}}